{"id":43,"date":"2017-12-27T13:51:54","date_gmt":"2017-12-27T13:51:54","guid":{"rendered":"http:\/\/localhost\/wordpress\/?page_id=43"},"modified":"2021-12-23T22:35:49","modified_gmt":"2021-12-23T20:35:49","slug":"home","status":"publish","type":"page","link":"https:\/\/slanda.de\/","title":{"rendered":"Home"},"content":{"rendered":"<hr>\n<p><img loading=\"lazy\" decoding=\"async\" class=\"alignnone wp-image-1361 \" style=\"float: right;\" src=\"http:\/\/slanda.de\/wp-content\/uploads\/2019\/08\/glas_auf_holzscheibe-284x300.jpg\" alt=\"\" width=\"199\" height=\"211\" srcset=\"https:\/\/slanda.de\/wp-content\/uploads\/2019\/08\/glas_auf_holzscheibe-284x300.jpg 284w, https:\/\/slanda.de\/wp-content\/uploads\/2019\/08\/glas_auf_holzscheibe.jpg 688w\" sizes=\"auto, (max-width: 199px) 100vw, 199px\" \/><\/p>\n<p>Herzlich willkommen auf unserer Website!<\/p>\n<p style=\"text-indent: 2px; text-align: left; word-spacing: normal; letter-spacing: 0px; font-variant: small-caps; font-style: oblique;\">Die Objekte werden von uns mit viel Liebe zu Details und viel Leidenschaft gebaut. Sie werden handgefertigt und sind somit einzigartig. Im Januar 2018 gestartet feiern wir 2022 f\u00fcnf Jahre unseres Bestehens!<\/p>\n<hr>\n<hr style=\"border: 0; height: 10px; background-image: linear-gradient(to right, rgba(0, 0, 0, 0), rgba(255,0,0,0.5), rgba(0, 0, 0, 0));\">\n<p>Wir sind f\u00fcr Sie auf den M\u00e4rkten unterwegs, dort k\u00f6nnen Sie uns pers\u00f6nlich antreffen:<\/p>\n<p><span style=\"color: #ff0000;\">Leider wurden alle Veranstaltungen aufgrund der Corona-Pandemie abgesagt, wir hoffen, dass alles bald zur Normalit\u00e4t zur\u00fcckkehrt und wir f\u00fcr Sie wieder da sind.<\/span><\/p>\n<p><del><strong>15 M\u00e4rz-2020<\/strong>: Fr\u00fchjahrshandwerkermarkt in St.Leon-Rot (<a href=\"http:\/\/slanda.de\/wp-content\/uploads\/2019\/11\/Flyer-15.03.2020-Werbung.pdf\" target=\"_blank\" rel=\"noopener noreferrer\">Flyer<\/a>)<\/del><\/p>\n<hr style=\"border: 0; height: 10px; background-image: linear-gradient(to right, rgba(0, 0, 0, 0), rgba(255,0,0,0.5), rgba(0, 0, 0, 0));\">\n<p>Das Weihnachtsfest und der Silvester stehen kurz vor der T\u00fcr, verbringen Sie sch\u00f6ne Feiertage im Kreise Ihrer Familie und Freunde soweit es derzeitige Lage zul\u00e4sst, machen Sie aus dem neuen Jahr 2022 das Beste daraus!<\/p>\n<p>Danach kommt Fr\u00fchling mit gro\u00dfen Schritten entgegen, gehen Sie raus in Ihre G\u00e4rten, geniessen Sie die erbl\u00fchende Natur&nbsp; &#8230;<\/p>\n<p>ngg_shortcode_0_placeholderAuch f\u00fcr Diejenigen, die die Zeit gerne in Ruhe in Ihren eigenen R\u00e4umen verbringen, h\u00e4tten wir passende Dekorationen f\u00fcr den <a href=\"http:\/\/slanda.de\/?page_id=1391\">Innenbereich<\/a>.<\/p>\nngg_shortcode_1_placeholder\n<hr style=\"border: 0; height: 10px; background-image: linear-gradient(to right, rgba(0, 0, 0, 0), rgba(0,0,0,0.75), rgba(0, 0, 0, 0));\">\n<h3 style=\"text-indent: 2px; text-align: left; word-spacing: normal; letter-spacing: 0px; font-variant: small-caps; font-style: oblique;\"><a href=\"http:\/\/slanda.de\/?page_id=1478\">Archive<\/a><\/h3>\n<hr>\n<p>Hier finden Sie Bilder und kurze Beschreibungen unserer letzten Marktbesuche.<\/p>\nngg_shortcode_2_placeholder\n<hr>\n","protected":false},"excerpt":{"rendered":"<p>Herzlich willkommen auf unserer Website! Die Objekte werden von uns mit viel Liebe zu Details und viel Leidenschaft gebaut. Sie werden handgefertigt und sind somit einzigartig. Im Januar 2018 gestartet feiern wir 2022 f\u00fcnf Jahre unseres Bestehens! Wir sind f\u00fcr Sie auf den M\u00e4rkten unterwegs, dort k\u00f6nnen Sie uns pers\u00f6nlich antreffen: Leider wurden alle Veranstaltungen &hellip; <a href=\"https:\/\/slanda.de\/\" class=\"more-link\">Continue reading <span class=\"screen-reader-text\">Home<\/span><\/a><\/p>\n","protected":false},"author":1,"featured_media":0,"parent":0,"menu_order":0,"comment_status":"closed","ping_status":"closed","template":"","meta":{"_monsterinsights_skip_tracking":false,"_monsterinsights_sitenote_active":false,"_monsterinsights_sitenote_note":"","_monsterinsights_sitenote_category":0,"ngg_post_thumbnail":0,"footnotes":""},"class_list":["post-43","page","type-page","status-publish","hentry"],"aioseo_notices":[],"_links":{"self":[{"href":"https:\/\/slanda.de\/index.php?rest_route=\/wp\/v2\/pages\/43","targetHints":{"allow":["GET"]}}],"collection":[{"href":"https:\/\/slanda.de\/index.php?rest_route=\/wp\/v2\/pages"}],"about":[{"href":"https:\/\/slanda.de\/index.php?rest_route=\/wp\/v2\/types\/page"}],"author":[{"embeddable":true,"href":"https:\/\/slanda.de\/index.php?rest_route=\/wp\/v2\/users\/1"}],"replies":[{"embeddable":true,"href":"https:\/\/slanda.de\/index.php?rest_route=%2Fwp%2Fv2%2Fcomments&post=43"}],"version-history":[{"count":192,"href":"https:\/\/slanda.de\/index.php?rest_route=\/wp\/v2\/pages\/43\/revisions"}],"predecessor-version":[{"id":1522,"href":"https:\/\/slanda.de\/index.php?rest_route=\/wp\/v2\/pages\/43\/revisions\/1522"}],"wp:attachment":[{"href":"https:\/\/slanda.de\/index.php?rest_route=%2Fwp%2Fv2%2Fmedia&parent=43"}],"curies":[{"name":"wp","href":"https:\/\/api.w.org\/{rel}","templated":true}]}}