{"id":189,"date":"2018-04-04T11:36:02","date_gmt":"2018-04-04T10:36:02","guid":{"rendered":"http:\/\/localhost\/wordpress\/?page_id=189"},"modified":"2018-04-04T11:36:02","modified_gmt":"2018-04-04T10:36:02","slug":"impressum","status":"publish","type":"page","link":"https:\/\/slanda.de\/?page_id=189","title":{"rendered":"Impressum"},"content":{"rendered":"<p>Angaben gem. \u00a7 5 TMG<\/p>\n<p><b>Betreiber und Kontakt:<\/b><br \/>\nAndrzej Lewandowski<\/p>\n<p>Neckarstrasse 19<br \/>\n67117 Limburgerhof<\/p>\n<p>Telefonnummer: +496236550533<br \/>\nE-Mail-Adresse: kontakt@slanda.de<\/p>\n<p><b>Umsatzsteuer-ID:<\/b><br \/>\nDE315806753<\/p>\n<p><b>Verantwortlicher f\u00fcr journalistisch-redaktionelle Inhalte gem. \u00a7 55 II RstV:<\/b><br \/>\nAndrzej Lewandowski<\/p>\n<p><b>Bilder und Grafiken:<\/b><br \/>\nAngaben der Quelle f\u00fcr verwendetes Bilder- und Grafikmaterial:<br \/>\nSlavica Lewandowski<\/p>\n<p><b>Online-Streitbeilegung gem\u00e4\u00df Art. 14 Abs. 1 ODR-VO<\/b><br \/>\nDie Europ\u00e4ische Kommission stellt eine Plattform zur Online-Streitbeilegung (OS) bereit, die Sie unter <a href=\"http:\/\/ec.europa.eu\/consumers\/odr\/\">http:\/\/ec.europa.eu\/consumers\/odr\/<\/a> finden.<\/p>\n<p><span class=\"fs20 cf0 ff1\"><b>Haftungsausschluss\/Disclaimer<\/b><br \/>\n<\/span><span class=\"fs18 cf0 ff1\"><br \/>\nMit Urteil vom 12. Mai 1998 hat das Landgericht Hamburg entschieden, dass man durch die Ausbringung eines Links die Inhalte der gelinkten Seite ggf. mit zu verantworten hat. Dies kann \u2013<wbr><span class=\"Apple-converted-space\">&nbsp;<\/span>&nbsp;so das LG \u2013<wbr><span class=\"Apple-converted-space\">&nbsp;<\/span>&nbsp;nur dadurch verhindert werden, dass man sich ausdr\u00fccklich von diesen Inhalten distanziert.<br \/>\nWir haben auf unseren Seiten Links zu anderen Seiten im Internet gelegt. F\u00fcr all diese Links gilt: Wir m\u00f6chten ausdr\u00fccklich betonen, dass wir keinerlei Einfluss auf die Gestaltung und die Inhalte der gelinkten Seiten haben. Deshalb distanzieren wir uns hiermit ausdr\u00fccklich von den Inhalten aller Seiten, zu denen wir einen Link in unserer Internetpr\u00e4sentation geschaltet haben.<\/span><\/p>\n<p>Sollten Links, die wir auf unserer Seite geschaltet haben nicht bzw. nicht mehr funktionieren, auf eine falsche Seite zeigen oder zu Seiten mit fragw\u00fcrdigem Inhalt leiten, bitten wir Sie, uns dies mitzuteilen.&nbsp;<\/p>\n<p>Trotz sorgf\u00e4ltiger inhaltlicher Kontrolle \u00fcbernehmen wir keine Haftung f\u00fcr die Inhalte externer Links. F\u00fcr den Inhalt der verlinkten Seiten sind ausschlie\u00dflich deren Betreiber verantwortlich.<\/p>\n<p><span class=\"fs20 cf0 ff1\"><b>Urheberrecht:<\/b><\/span><\/p>\n<p>Die Informationen auf diesen Seiten sind mit bestem Wissen und Gewissen zusammengestellt. Wir erheben jedoch weder einen Anspruch auf Fehlerfreiheit noch auf Vollst\u00e4ndigkeit. F\u00fcr Fehler, die auf die Verwendung dieser Seiten zur\u00fcckzuf\u00fchren sind, \u00fcbernehmen wir keine Haftung. Die Weitergabe und Vervielf\u00e4ltigung der Dateien ist f\u00fcr nicht kommerzielle Zwecke gestattet, sofern die Quelle angegeben wird. Die Dateien d\u00fcrfen nicht ver\u00e4ndert werden. Eine kommerzielle Verwendung bedarf unserer schriftlichen Genehmigung. Dieses gilt insbesondere f\u00fcr das Kopieren der Seiten auf andere Datentr\u00e4ger oder die Einbindung des Inhalts auf anderen Seiten. Eine unerlaubte Vervielf\u00e4ltigung ist ein Versto\u00df gegen das Urheberrecht und wird von uns verfolgt.<\/p>\n<p>Alle Informationen auf unseren Seiten sind unser Eigentum.<br \/>\nTexte Dritter sind mit Angaben der Quelle versehen und vorher genehmigt.<\/p>\n<p><a href=\"http:\/\/www.deutsche-anwaltshotline.de\/recht-auf-ihrer-website\/impressum-generator\" rel=\"nofollow\">Impressum dieser Website erstellt<\/a> \u00fcber den Generator der Deutschen Anwaltshotline AG<\/p>\n","protected":false},"excerpt":{"rendered":"<p>Angaben gem. \u00a7 5 TMG Betreiber und Kontakt: Andrzej Lewandowski Neckarstrasse 19 67117 Limburgerhof Telefonnummer: +496236550533 E-Mail-Adresse: kontakt@slanda.de Umsatzsteuer-ID: DE315806753 Verantwortlicher f\u00fcr journalistisch-redaktionelle Inhalte gem. \u00a7 55 II RstV: Andrzej Lewandowski Bilder und Grafiken: Angaben der Quelle f\u00fcr verwendetes Bilder- und Grafikmaterial: Slavica Lewandowski Online-Streitbeilegung gem\u00e4\u00df Art. 14 Abs. 1 ODR-VO Die Europ\u00e4ische Kommission stellt &hellip; <a href=\"https:\/\/slanda.de\/?page_id=189\" class=\"more-link\">Continue reading <span class=\"screen-reader-text\">Impressum<\/span><\/a><\/p>\n","protected":false},"author":1,"featured_media":0,"parent":0,"menu_order":0,"comment_status":"closed","ping_status":"closed","template":"","meta":{"_monsterinsights_skip_tracking":false,"_monsterinsights_sitenote_active":false,"_monsterinsights_sitenote_note":"","_monsterinsights_sitenote_category":0,"ngg_post_thumbnail":0,"footnotes":""},"class_list":["post-189","page","type-page","status-publish","hentry"],"aioseo_notices":[],"_links":{"self":[{"href":"https:\/\/slanda.de\/index.php?rest_route=\/wp\/v2\/pages\/189","targetHints":{"allow":["GET"]}}],"collection":[{"href":"https:\/\/slanda.de\/index.php?rest_route=\/wp\/v2\/pages"}],"about":[{"href":"https:\/\/slanda.de\/index.php?rest_route=\/wp\/v2\/types\/page"}],"author":[{"embeddable":true,"href":"https:\/\/slanda.de\/index.php?rest_route=\/wp\/v2\/users\/1"}],"replies":[{"embeddable":true,"href":"https:\/\/slanda.de\/index.php?rest_route=%2Fwp%2Fv2%2Fcomments&post=189"}],"version-history":[{"count":0,"href":"https:\/\/slanda.de\/index.php?rest_route=\/wp\/v2\/pages\/189\/revisions"}],"wp:attachment":[{"href":"https:\/\/slanda.de\/index.php?rest_route=%2Fwp%2Fv2%2Fmedia&parent=189"}],"curies":[{"name":"wp","href":"https:\/\/api.w.org\/{rel}","templated":true}]}}