{"id":180,"date":"2018-04-04T09:49:03","date_gmt":"2018-04-04T08:49:03","guid":{"rendered":"http:\/\/localhost\/wordpress\/?page_id=180"},"modified":"2019-03-10T12:06:50","modified_gmt":"2019-03-10T10:06:50","slug":"garten","status":"publish","type":"page","link":"https:\/\/slanda.de\/?page_id=180","title":{"rendered":"Garten"},"content":{"rendered":"<hr>\n<p><img loading=\"lazy\" decoding=\"async\" class=\"alignnone wp-image-662 \" style=\"float: right;\" src=\"http:\/\/slanda.de\/wp-content\/uploads\/2018\/04\/froesche_pflanschen2-283x300.jpg\" alt=\"\" width=\"149\" height=\"158\" srcset=\"https:\/\/slanda.de\/wp-content\/uploads\/2018\/04\/froesche_pflanschen2-283x300.jpg 283w, https:\/\/slanda.de\/wp-content\/uploads\/2018\/04\/froesche_pflanschen2.jpg 454w\" sizes=\"auto, (max-width: 149px) 100vw, 149px\" \/><\/p>\n<p style=\"text-indent: 2px; text-align: left; word-spacing: normal; letter-spacing: 0px; font-variant: small-caps; font-style: oblique;\">Die Gartensaison beginnt &#8230; Rasen wird in Ordnung gebracht, neue Flora eingepflanzt, die Liegen rausgeholt &#8230; Verleihen Sie mit unseren Dekogegenst\u00e4nden Ihrem Garten einen neuen Glanz!<\/p>\n<p>&nbsp;<\/p>\n<hr>\n<h4><strong>KURZE BESCHREIBUNG<\/strong><\/h4>\n<p>Alle Objekte sind zwischen 10- 40 cm breit, 15-30 cm tief und zwischen 10-40cm hoch. Die Objekte sind aus Beton. Bei den Bl\u00e4ttern handelt sich um Rhabarber\u00e4hnliche Nachbildungen. Die Pilze k\u00f6nnen auch als Pilzfamilie (2-3 im Verbund) auf Wunsch gebaut werden.<\/p>\n<p>Angaben unter den Bildern: <strong>H<\/strong>=H\u00f6he, <strong>T<\/strong>=Tiefe, <strong>B<\/strong>=Breite, <strong>DM<\/strong>=Durchmesser<\/p>\n<p><strong>Bei allen Dekogegenst\u00e4nden handelt es sich um handgefertigte Produkte, die f\u00fcr sich einzigartig sind. Die abgebildete Gr\u00f6\u00dfe oder Farbe oder auch kleine Details der Ausstattung k\u00f6nnen im Original leicht abweichen, die Abbildungen sollen nur den Gesamteindruck vermitteln.<\/strong><\/p>\n<hr>\n<h4 style=\"text-indent: 2px; text-align: left; word-spacing: normal; letter-spacing: 1px; font-variant: small-caps;\">Einige Beispiele Bereits Gebauter Exemplare<\/h4>\nngg_shortcode_0_placeholder\n","protected":false},"excerpt":{"rendered":"<p>Die Gartensaison beginnt &#8230; Rasen wird in Ordnung gebracht, neue Flora eingepflanzt, die Liegen rausgeholt &#8230; Verleihen Sie mit unseren Dekogegenst\u00e4nden Ihrem Garten einen neuen Glanz! &nbsp; KURZE BESCHREIBUNG Alle Objekte sind zwischen 10- 40 cm breit, 15-30 cm tief und zwischen 10-40cm hoch. Die Objekte sind aus Beton. Bei den Bl\u00e4ttern handelt sich um &hellip; <a href=\"https:\/\/slanda.de\/?page_id=180\" class=\"more-link\">Continue reading <span class=\"screen-reader-text\">Garten<\/span><\/a><\/p>\n","protected":false},"author":1,"featured_media":0,"parent":174,"menu_order":0,"comment_status":"closed","ping_status":"closed","template":"","meta":{"_monsterinsights_skip_tracking":false,"_monsterinsights_sitenote_active":false,"_monsterinsights_sitenote_note":"","_monsterinsights_sitenote_category":0,"ngg_post_thumbnail":0,"footnotes":""},"class_list":["post-180","page","type-page","status-publish","hentry"],"aioseo_notices":[],"_links":{"self":[{"href":"https:\/\/slanda.de\/index.php?rest_route=\/wp\/v2\/pages\/180","targetHints":{"allow":["GET"]}}],"collection":[{"href":"https:\/\/slanda.de\/index.php?rest_route=\/wp\/v2\/pages"}],"about":[{"href":"https:\/\/slanda.de\/index.php?rest_route=\/wp\/v2\/types\/page"}],"author":[{"embeddable":true,"href":"https:\/\/slanda.de\/index.php?rest_route=\/wp\/v2\/users\/1"}],"replies":[{"embeddable":true,"href":"https:\/\/slanda.de\/index.php?rest_route=%2Fwp%2Fv2%2Fcomments&post=180"}],"version-history":[{"count":15,"href":"https:\/\/slanda.de\/index.php?rest_route=\/wp\/v2\/pages\/180\/revisions"}],"predecessor-version":[{"id":1264,"href":"https:\/\/slanda.de\/index.php?rest_route=\/wp\/v2\/pages\/180\/revisions\/1264"}],"up":[{"embeddable":true,"href":"https:\/\/slanda.de\/index.php?rest_route=\/wp\/v2\/pages\/174"}],"wp:attachment":[{"href":"https:\/\/slanda.de\/index.php?rest_route=%2Fwp%2Fv2%2Fmedia&parent=180"}],"curies":[{"name":"wp","href":"https:\/\/api.w.org\/{rel}","templated":true}]}}