{"id":176,"date":"2018-04-04T09:48:53","date_gmt":"2018-04-04T09:48:53","guid":{"rendered":"http:\/\/localhost\/wordpress\/?page_id=176"},"modified":"2019-03-10T12:05:10","modified_gmt":"2019-03-10T10:05:10","slug":"fruhjahr","status":"publish","type":"page","link":"https:\/\/slanda.de\/?page_id=176","title":{"rendered":"Fr\u00fchjahr- und Osternkollektion"},"content":{"rendered":"<hr>\n<p><img loading=\"lazy\" decoding=\"async\" class=\"alignnone wp-image-1257 \" style=\"float: right;\" src=\"http:\/\/slanda.de\/wp-content\/uploads\/2019\/03\/HasenAufBirkescheibe-225x300.jpg\" alt=\"\" width=\"166\" height=\"222\" srcset=\"https:\/\/slanda.de\/wp-content\/uploads\/2019\/03\/HasenAufBirkescheibe-225x300.jpg 225w, https:\/\/slanda.de\/wp-content\/uploads\/2019\/03\/HasenAufBirkescheibe.jpg 600w\" sizes=\"auto, (max-width: 166px) 100vw, 166px\" \/><\/p>\n<p style=\"text-indent: 2px; text-align: left; word-spacing: normal; letter-spacing: 0px; font-variant: small-caps; font-style: oblique;\">Die Natur erwacht wieder zum Leben, V\u00f6geln zwitschern, die erste, warme Brise eines Windes streicht \u00fcber die Haut \u2026 was f\u00fcr ein sch\u00f6nes Scenario .. ob ein Hase zu Ostern in einer Schale mit Eiern , ein beinahe lebendig wirkender, lebensechter mit viel Liebe zum Detail angemalter Vogel auf einem Efeuzweig .. lassen Sie sich von unserer Fr\u00fchjahr- und Osternkollektion inspirieren!<\/p>\n<hr>\n<h4><strong>KURZE BESCHREIBUNG<\/strong><\/h4>\n<p>Alle Objekte sind zwischen 15- 40 cm breit, 15-30 cm tief und zwischen 10-60cm hoch. Wenn eine Schale dabei ist, ist sie aus Beton, die Figuren teilweise aus Beton\/Gips\/Ton, die anderen Gegenst\u00e4nde aus Hart-Kunststoff. Sowohl die Innenseite als die Au\u00dfenseite der Schale kann glatt sein oder ein Muster (\u00e4hnlich der Abbildung) aufweisen. Wenn runde Holzst\u00fccke mit der Rinde verbaut sind, dann handelt es sich um echtes Holz, sie haben einen Durchmesser zwischen 20-30 cm und sind dabei zwischen 3-8 cm hoch.<\/p>\n<p>Angaben unter den Bildern: <strong>H<\/strong>=H\u00f6he, <strong>T<\/strong>=Tiefe, <strong>B<\/strong>=Breite, <strong>DM<\/strong>=Durchmesser<\/p>\n<p><strong>Bei allen Dekogegenst\u00e4nden handelt es sich um handgefertigte Produkte, die f\u00fcr sich einzigartig sind. Die abgebildete Gr\u00f6\u00dfe oder Farbe oder auch kleine Details der Ausstattung k\u00f6nnen im Original leicht abweichen, die Abbildungen sollen nur den Gesamteindruck vermitteln.<\/strong><\/p>\n<hr>\n<h4 style=\"text-indent: 2px; text-align: left; word-spacing: normal; letter-spacing: 2px; font-variant: small-caps;\">Einige Beispiele Bereits Gebauter Exemplare<\/h4>\nngg_shortcode_0_placeholder\n","protected":false},"excerpt":{"rendered":"<p>Die Natur erwacht wieder zum Leben, V\u00f6geln zwitschern, die erste, warme Brise eines Windes streicht \u00fcber die Haut \u2026 was f\u00fcr ein sch\u00f6nes Scenario .. ob ein Hase zu Ostern in einer Schale mit Eiern , ein beinahe lebendig wirkender, lebensechter mit viel Liebe zum Detail angemalter Vogel auf einem Efeuzweig .. lassen Sie sich &hellip; <a href=\"https:\/\/slanda.de\/?page_id=176\" class=\"more-link\">Continue reading <span class=\"screen-reader-text\">Fr\u00fchjahr- und Osternkollektion<\/span><\/a><\/p>\n","protected":false},"author":1,"featured_media":0,"parent":174,"menu_order":0,"comment_status":"closed","ping_status":"closed","template":"","meta":{"_monsterinsights_skip_tracking":false,"_monsterinsights_sitenote_active":false,"_monsterinsights_sitenote_note":"","_monsterinsights_sitenote_category":0,"ngg_post_thumbnail":0,"footnotes":""},"class_list":["post-176","page","type-page","status-publish","hentry"],"aioseo_notices":[],"_links":{"self":[{"href":"https:\/\/slanda.de\/index.php?rest_route=\/wp\/v2\/pages\/176","targetHints":{"allow":["GET"]}}],"collection":[{"href":"https:\/\/slanda.de\/index.php?rest_route=\/wp\/v2\/pages"}],"about":[{"href":"https:\/\/slanda.de\/index.php?rest_route=\/wp\/v2\/types\/page"}],"author":[{"embeddable":true,"href":"https:\/\/slanda.de\/index.php?rest_route=\/wp\/v2\/users\/1"}],"replies":[{"embeddable":true,"href":"https:\/\/slanda.de\/index.php?rest_route=%2Fwp%2Fv2%2Fcomments&post=176"}],"version-history":[{"count":10,"href":"https:\/\/slanda.de\/index.php?rest_route=\/wp\/v2\/pages\/176\/revisions"}],"predecessor-version":[{"id":1263,"href":"https:\/\/slanda.de\/index.php?rest_route=\/wp\/v2\/pages\/176\/revisions\/1263"}],"up":[{"embeddable":true,"href":"https:\/\/slanda.de\/index.php?rest_route=\/wp\/v2\/pages\/174"}],"wp:attachment":[{"href":"https:\/\/slanda.de\/index.php?rest_route=%2Fwp%2Fv2%2Fmedia&parent=176"}],"curies":[{"name":"wp","href":"https:\/\/api.w.org\/{rel}","templated":true}]}}