{"id":174,"date":"2018-04-04T09:49:38","date_gmt":"2018-04-04T09:49:38","guid":{"rendered":"http:\/\/localhost\/wordpress\/?page_id=174"},"modified":"2018-04-06T15:39:20","modified_gmt":"2018-04-06T13:39:20","slug":"kollektionen","status":"publish","type":"page","link":"https:\/\/slanda.de\/?page_id=174","title":{"rendered":"Kollektionen"},"content":{"rendered":"<p>Auf der folgenden Seiten finden Sie Informationen zu unseren Kollektionen f\u00fcr jede Jahreszeit.<\/p>\n<h3><a style=\"hover {cursor: pointer;\" href=\"http:\/\/slanda.de\/?page_id=176\">Fr\u00fchjahr- und Osternkollektion<\/a><\/h3>\n<p>Die Natur erwacht wieder zum Leben, V\u00f6geln zwitschern, die erste, warme Brise eines Windes streicht \u00fcber die Haut &#8230; was f\u00fcr ein sch\u00f6nes Scenario .. ob ein Hase zu Ostern in einer Schale mit Eiern , ein beinahe lebendig wirkender, lebensechter mit viel Liebe zum Detail angemalter Vogel auf einem Efeuzweig .. lassen Sie sich von unserer Fr\u00fchjahr- und Osternkollektion inspirieren!<\/p>\n<hr \/>\n<h3><a href=\"http:\/\/slanda.de\/?page_id=180\">Gartenkollektion<\/a><\/h3>\n<p>Die Gartensaison beginnt &#8230; Verleihen Sie mit unseren Dekogegenst\u00e4nden Ihrem Garten einen neuen Glanz!<\/p>\n<hr \/>\n<h3><a href=\"http:\/\/slanda.de\/?page_id=178\">Weihnachtskollektion<\/a><\/h3>\n<p>M\u00e4rchenhaft, idyllische Winterlandschaften, Schneeballschlachten lachender Kinder gepaart mit vorweihnachtlicher Stimmung.. lassen Sie sich von unseren sinnlichen Engelsfiguren umh\u00fcllt von festlich geschm\u00fcckten Schalen verzaubern!<\/p>\n","protected":false},"excerpt":{"rendered":"<p>Auf der folgenden Seiten finden Sie Informationen zu unseren Kollektionen f\u00fcr jede Jahreszeit. Fr\u00fchjahr- und Osternkollektion Die Natur erwacht wieder zum Leben, V\u00f6geln zwitschern, die erste, warme Brise eines Windes streicht \u00fcber die Haut &#8230; was f\u00fcr ein sch\u00f6nes Scenario .. ob ein Hase zu Ostern in einer Schale mit Eiern , ein beinahe lebendig &hellip; <a href=\"https:\/\/slanda.de\/?page_id=174\" class=\"more-link\">Continue reading <span class=\"screen-reader-text\">Kollektionen<\/span><\/a><\/p>\n","protected":false},"author":1,"featured_media":0,"parent":0,"menu_order":0,"comment_status":"closed","ping_status":"closed","template":"","meta":{"_monsterinsights_skip_tracking":false,"_monsterinsights_sitenote_active":false,"_monsterinsights_sitenote_note":"","_monsterinsights_sitenote_category":0,"ngg_post_thumbnail":0,"footnotes":""},"class_list":["post-174","page","type-page","status-publish","hentry"],"aioseo_notices":[],"_links":{"self":[{"href":"https:\/\/slanda.de\/index.php?rest_route=\/wp\/v2\/pages\/174","targetHints":{"allow":["GET"]}}],"collection":[{"href":"https:\/\/slanda.de\/index.php?rest_route=\/wp\/v2\/pages"}],"about":[{"href":"https:\/\/slanda.de\/index.php?rest_route=\/wp\/v2\/types\/page"}],"author":[{"embeddable":true,"href":"https:\/\/slanda.de\/index.php?rest_route=\/wp\/v2\/users\/1"}],"replies":[{"embeddable":true,"href":"https:\/\/slanda.de\/index.php?rest_route=%2Fwp%2Fv2%2Fcomments&post=174"}],"version-history":[{"count":2,"href":"https:\/\/slanda.de\/index.php?rest_route=\/wp\/v2\/pages\/174\/revisions"}],"predecessor-version":[{"id":411,"href":"https:\/\/slanda.de\/index.php?rest_route=\/wp\/v2\/pages\/174\/revisions\/411"}],"wp:attachment":[{"href":"https:\/\/slanda.de\/index.php?rest_route=%2Fwp%2Fv2%2Fmedia&parent=174"}],"curies":[{"name":"wp","href":"https:\/\/api.w.org\/{rel}","templated":true}]}}