{"id":1391,"date":"2019-08-28T19:54:18","date_gmt":"2019-08-28T17:54:18","guid":{"rendered":"http:\/\/slanda.de\/?page_id=1391"},"modified":"2019-08-28T20:53:35","modified_gmt":"2019-08-28T18:53:35","slug":"zimmer","status":"publish","type":"page","link":"https:\/\/slanda.de\/?page_id=1391","title":{"rendered":"Zimmerkollektion"},"content":{"rendered":"<hr>\n<p><img loading=\"lazy\" decoding=\"async\" class=\"wp-image-1361  alignright\" style=\"float: right;\" src=\"http:\/\/slanda.de\/wp-content\/uploads\/2019\/08\/glas_auf_holzscheibe-284x300.jpg\" alt=\"\" width=\"138\" height=\"146\" srcset=\"https:\/\/slanda.de\/wp-content\/uploads\/2019\/08\/glas_auf_holzscheibe-284x300.jpg 284w, https:\/\/slanda.de\/wp-content\/uploads\/2019\/08\/glas_auf_holzscheibe.jpg 688w\" sizes=\"auto, (max-width: 138px) 100vw, 138px\" \/><\/p>\n<p style=\"text-indent: 2px; text-align: left; word-spacing: normal; letter-spacing: 0px; font-variant: small-caps; font-style: oblique;\">Die zeitlosen Dekoartikel f\u00fcr den Innenbereich bereichern Ihren Wohnbereich und setzen immer wieder neue Impulse! W\u00e4hlen Sie etwas Passendes F\u00fcr Sie und Ihre Familie!<\/p>\n<p>&nbsp;<\/p>\n<hr>\n<h4><strong>KURZE BESCHREIBUNG<\/strong><\/h4>\n<p>Alle Objekte sind zwischen 10- 40 cm breit, 15-30 cm tief und zwischen 10-40cm hoch. Die Objekte sind aus Beton, beton\u00e4hnlichen Materialien, Holz, Glas und teilweise aus Kunstoff.&nbsp;<\/p>\n<p>Angaben unter den Bildern: <strong>H<\/strong>=H\u00f6he, <strong>T<\/strong>=Tiefe, <strong>B<\/strong>=Breite, <strong>DM<\/strong>=Durchmesser<\/p>\n<p><strong>Bei allen Dekogegenst\u00e4nden handelt es sich um handgefertigte Produkte, die f\u00fcr sich einzigartig sind. Die abgebildete Gr\u00f6\u00dfe oder Farbe oder auch kleine Details der Ausstattung k\u00f6nnen im Original leicht abweichen, die Abbildungen sollen nur den Gesamteindruck vermitteln.<\/strong><\/p>\n<hr>\n<h4 style=\"text-indent: 2px; text-align: left; word-spacing: normal; letter-spacing: 1px; font-variant: small-caps;\">Einige Beispiele Bereits Gebauter Exemplare<\/h4>\nngg_shortcode_0_placeholder\n","protected":false},"excerpt":{"rendered":"<p>Die zeitlosen Dekoartikel f\u00fcr den Innenbereich bereichern Ihren Wohnbereich und setzen immer wieder neue Impulse! W\u00e4hlen Sie etwas Passendes F\u00fcr Sie und Ihre Familie! &nbsp; KURZE BESCHREIBUNG Alle Objekte sind zwischen 10- 40 cm breit, 15-30 cm tief und zwischen 10-40cm hoch. Die Objekte sind aus Beton, beton\u00e4hnlichen Materialien, Holz, Glas und teilweise aus Kunstoff.&nbsp; &hellip; <a href=\"https:\/\/slanda.de\/?page_id=1391\" class=\"more-link\">Continue reading <span class=\"screen-reader-text\">Zimmerkollektion<\/span><\/a><\/p>\n","protected":false},"author":1,"featured_media":0,"parent":174,"menu_order":0,"comment_status":"closed","ping_status":"closed","template":"","meta":{"_monsterinsights_skip_tracking":false,"_monsterinsights_sitenote_active":false,"_monsterinsights_sitenote_note":"","_monsterinsights_sitenote_category":0,"ngg_post_thumbnail":0,"footnotes":""},"class_list":["post-1391","page","type-page","status-publish","hentry"],"aioseo_notices":[],"_links":{"self":[{"href":"https:\/\/slanda.de\/index.php?rest_route=\/wp\/v2\/pages\/1391","targetHints":{"allow":["GET"]}}],"collection":[{"href":"https:\/\/slanda.de\/index.php?rest_route=\/wp\/v2\/pages"}],"about":[{"href":"https:\/\/slanda.de\/index.php?rest_route=\/wp\/v2\/types\/page"}],"author":[{"embeddable":true,"href":"https:\/\/slanda.de\/index.php?rest_route=\/wp\/v2\/users\/1"}],"replies":[{"embeddable":true,"href":"https:\/\/slanda.de\/index.php?rest_route=%2Fwp%2Fv2%2Fcomments&post=1391"}],"version-history":[{"count":6,"href":"https:\/\/slanda.de\/index.php?rest_route=\/wp\/v2\/pages\/1391\/revisions"}],"predecessor-version":[{"id":1405,"href":"https:\/\/slanda.de\/index.php?rest_route=\/wp\/v2\/pages\/1391\/revisions\/1405"}],"up":[{"embeddable":true,"href":"https:\/\/slanda.de\/index.php?rest_route=\/wp\/v2\/pages\/174"}],"wp:attachment":[{"href":"https:\/\/slanda.de\/index.php?rest_route=%2Fwp%2Fv2%2Fmedia&parent=1391"}],"curies":[{"name":"wp","href":"https:\/\/api.w.org\/{rel}","templated":true}]}}